{"id":206,"date":"2015-10-18T08:25:43","date_gmt":"2015-10-18T08:25:43","guid":{"rendered":""},"modified":"2020-08-19T15:13:22","modified_gmt":"2020-08-19T13:13:22","slug":"front-page","status":"publish","type":"page","link":"https:\/\/udrugekzz.info\/","title":{"rendered":"Prona\u0111i udrugu"},"content":{"rendered":"","protected":false},"excerpt":{"rendered":"<p>Prona\u0111i udrugu na podru\u010dju Krapinsko-zagorske \u017eupanije<\/p>\n","protected":false},"author":2,"featured_media":15,"parent":0,"menu_order":0,"comment_status":"closed","ping_status":"closed","template":"page-templates\/front_page.php","meta":{"footnotes":""},"jetpack_sharing_enabled":true,"_links":{"self":[{"href":"https:\/\/udrugekzz.info\/index.php\/wp-json\/wp\/v2\/pages\/206"}],"collection":[{"href":"https:\/\/udrugekzz.info\/index.php\/wp-json\/wp\/v2\/pages"}],"about":[{"href":"https:\/\/udrugekzz.info\/index.php\/wp-json\/wp\/v2\/types\/page"}],"author":[{"embeddable":true,"href":"https:\/\/udrugekzz.info\/index.php\/wp-json\/wp\/v2\/users\/2"}],"replies":[{"embeddable":true,"href":"https:\/\/udrugekzz.info\/index.php\/wp-json\/wp\/v2\/comments?post=206"}],"version-history":[{"count":5,"href":"https:\/\/udrugekzz.info\/index.php\/wp-json\/wp\/v2\/pages\/206\/revisions"}],"predecessor-version":[{"id":20061,"href":"https:\/\/udrugekzz.info\/index.php\/wp-json\/wp\/v2\/pages\/206\/revisions\/20061"}],"wp:featuredmedia":[{"embeddable":true,"href":"https:\/\/udrugekzz.info\/index.php\/wp-json\/wp\/v2\/media\/15"}],"wp:attachment":[{"href":"https:\/\/udrugekzz.info\/index.php\/wp-json\/wp\/v2\/media?parent=206"}],"curies":[{"name":"wp","href":"https:\/\/api.w.org\/{rel}","templated":true}]}}